{"id":489,"date":"2026-03-23T21:17:50","date_gmt":"2026-03-23T20:17:50","guid":{"rendered":"https:\/\/target-conseil.com\/?page_id=489"},"modified":"2026-04-15T23:22:13","modified_gmt":"2026-04-15T21:22:13","slug":"cibler-vos-projets","status":"publish","type":"page","link":"https:\/\/target-conseil.com\/conseil-strategique\/cibler-vos-projets\/","title":{"rendered":"CIBLER VOS PROJETS"},"content":{"rendered":"\t\t<div data-elementor-type=\"wp-page\" data-elementor-id=\"489\" class=\"elementor elementor-489\">\n\t\t\t\t<div class=\"elementor-element elementor-element-37d64e4e e-flex e-con-boxed e-con e-parent\" data-id=\"37d64e4e\" data-element_type=\"container\" data-e-type=\"container\" data-settings=\"{&quot;background_background&quot;:&quot;classic&quot;}\">\n\t\t\t\t\t<div class=\"e-con-inner\">\n\t\t<div class=\"elementor-element elementor-element-4b66c146 e-con-full e-flex e-con e-child\" data-id=\"4b66c146\" data-element_type=\"container\" data-e-type=\"container\">\n\t\t\t\t<div class=\"elementor-element elementor-element-1df94b60 elementor-widget elementor-widget-heading\" data-id=\"1df94b60\" data-element_type=\"widget\" data-e-type=\"widget\" data-settings=\"{&quot;_animation&quot;:&quot;none&quot;}\" data-widget_type=\"heading.default\">\n\t\t\t\t\t<h1 class=\"elementor-heading-title elementor-size-default\">Pilotage de projets strat\u00e9giques et transformation<\/h1>\t\t\t\t<\/div>\n\t\t\t\t<div class=\"elementor-element elementor-element-4604ea34 elementor-widget elementor-widget-text-editor\" data-id=\"4604ea34\" data-element_type=\"widget\" data-e-type=\"widget\" data-settings=\"{&quot;_animation&quot;:&quot;none&quot;,&quot;_animation_delay&quot;:300}\" data-widget_type=\"text-editor.default\">\n\t\t\t\t\t\t\t\t\tUn projet strat\u00e9gique engage bien plus qu\u2019un calendrier : il impacte la coh\u00e9rence globale de l\u2019organisation, la mobilisation des \u00e9quipes et la cr\u00e9dibilit\u00e9 de la trajectoire.\nTARGET Conseil accompagne les organisations dans le pilotage de projets structurants, de la d\u00e9finition \u00e0 la p\u00e9rennisation des r\u00e9sultats.\t\t\t\t\t\t\t\t<\/div>\n\t\t<div class=\"elementor-element elementor-element-215c2eb5 e-grid e-con-full e-con e-child\" data-id=\"215c2eb5\" data-element_type=\"container\" data-e-type=\"container\">\n\t\t\t\t<div class=\"elementor-element elementor-element-4bf67381 elementor-align-left elementor-widget elementor-widget-button\" data-id=\"4bf67381\" data-element_type=\"widget\" data-e-type=\"widget\" data-widget_type=\"button.default\">\n\t\t\t\t\t\t\t\t\t\t<a class=\"elementor-button elementor-button-link elementor-size-sm\" href=\"https:\/\/target-conseil.com\/index.php\/contact\/\">\n\t\t\t\t\t\t<span class=\"elementor-button-content-wrapper\">\n\t\t\t\t\t\t\t\t\t<span class=\"elementor-button-text\">S\u00e9curiser votre projet strat\u00e9gique<\/span>\n\t\t\t\t\t<\/span>\n\t\t\t\t\t<\/a>\n\t\t\t\t\t\t\t\t<\/div>\n\t\t\t\t<\/div>\n\t\t\t\t<\/div>\n\t\t\t\t\t<\/div>\n\t\t\t\t<\/div>\n\t\t<div class=\"elementor-element elementor-element-79fdbab6 e-flex e-con-boxed e-con e-parent\" data-id=\"79fdbab6\" data-element_type=\"container\" data-e-type=\"container\" data-settings=\"{&quot;background_background&quot;:&quot;classic&quot;}\">\n\t\t\t\t\t<div class=\"e-con-inner\">\n\t\t<div class=\"elementor-element elementor-element-73f2d53b e-con-full e-flex e-con e-child\" data-id=\"73f2d53b\" data-element_type=\"container\" data-e-type=\"container\">\n\t\t\t\t<div class=\"elementor-element elementor-element-1ed7d0cf elementor-widget__width-initial elementor-widget elementor-widget-heading\" data-id=\"1ed7d0cf\" data-element_type=\"widget\" data-e-type=\"widget\" data-settings=\"{&quot;_animation&quot;:&quot;none&quot;}\" data-widget_type=\"heading.default\">\n\t\t\t\t\t<h2 class=\"elementor-heading-title elementor-size-default\">Nos expertises en gestion de projet strat\u00e9gique<\/h2>\t\t\t\t<\/div>\n\t\t<div class=\"elementor-element elementor-element-4a79aa08 e-con-full e-flex e-con e-child\" data-id=\"4a79aa08\" data-element_type=\"container\" data-e-type=\"container\">\n\t\t<div class=\"elementor-element elementor-element-2f446f3 e-grid e-con-full e-con e-child\" data-id=\"2f446f3\" data-element_type=\"container\" data-e-type=\"container\">\n\t\t\t\t<div class=\"elementor-element elementor-element-8539630 elementor-position-top elementor-widget elementor-widget-image-box\" data-id=\"8539630\" data-element_type=\"widget\" data-e-type=\"widget\" data-widget_type=\"image-box.default\">\n\t\t\t\t\t<div class=\"elementor-image-box-wrapper\"><figure class=\"elementor-image-box-img\"><img fetchpriority=\"high\" decoding=\"async\" width=\"2048\" height=\"1388\" src=\"https:\/\/target-conseil.com\/wp-content\/uploads\/2026\/03\/Formation-executive.jpg\" class=\"attachment-full size-full wp-image-395\" alt=\"Formation ex\u00e9cutive\" srcset=\"https:\/\/target-conseil.com\/wp-content\/uploads\/2026\/03\/Formation-executive.jpg 2048w, https:\/\/target-conseil.com\/wp-content\/uploads\/2026\/03\/Formation-executive-300x203.jpg 300w, https:\/\/target-conseil.com\/wp-content\/uploads\/2026\/03\/Formation-executive-1024x694.jpg 1024w, https:\/\/target-conseil.com\/wp-content\/uploads\/2026\/03\/Formation-executive-768x521.jpg 768w, https:\/\/target-conseil.com\/wp-content\/uploads\/2026\/03\/Formation-executive-1536x1041.jpg 1536w\" sizes=\"(max-width: 2048px) 100vw, 2048px\" \/><\/figure><div class=\"elementor-image-box-content\"><h3 class=\"elementor-image-box-title\">Clarifier la trajectoire<\/h3><p class=\"elementor-image-box-description\">D\u00e9finition d\u2019une vision claire et partag\u00e9e :\nidentification des enjeux\nfeuille de route strat\u00e9gique\nindicateurs de performance (KPI)\nObjectif : s\u00e9curiser les d\u00e9cisions d\u00e8s l\u2019amont.<\/p><\/div><\/div>\t\t\t\t<\/div>\n\t\t\t\t<div class=\"elementor-element elementor-element-a169d98 elementor-position-top elementor-widget elementor-widget-image-box\" data-id=\"a169d98\" data-element_type=\"widget\" data-e-type=\"widget\" data-widget_type=\"image-box.default\">\n\t\t\t\t\t<div class=\"elementor-image-box-wrapper\"><figure class=\"elementor-image-box-img\"><img decoding=\"async\" width=\"2048\" height=\"1365\" src=\"https:\/\/target-conseil.com\/wp-content\/uploads\/2026\/03\/Conseil-strategique.jpg\" class=\"attachment-full size-full wp-image-393\" alt=\"Conseil strat\u00e9gique\" srcset=\"https:\/\/target-conseil.com\/wp-content\/uploads\/2026\/03\/Conseil-strategique.jpg 2048w, https:\/\/target-conseil.com\/wp-content\/uploads\/2026\/03\/Conseil-strategique-300x200.jpg 300w, https:\/\/target-conseil.com\/wp-content\/uploads\/2026\/03\/Conseil-strategique-1024x683.jpg 1024w, https:\/\/target-conseil.com\/wp-content\/uploads\/2026\/03\/Conseil-strategique-768x512.jpg 768w, https:\/\/target-conseil.com\/wp-content\/uploads\/2026\/03\/Conseil-strategique-1536x1024.jpg 1536w\" sizes=\"(max-width: 2048px) 100vw, 2048px\" \/><\/figure><div class=\"elementor-image-box-content\"><h3 class=\"elementor-image-box-title\">Piloter avec rigueur<\/h3><p class=\"elementor-image-box-description\">Mise en place d\u2019un pilotage structur\u00e9 :\ngouvernance projet\nsuivi budg\u00e9taire\ngestion des risques\ncoordination des parties prenantes\nObjectif : garantir la ma\u00eetrise du projet.<\/p><\/div><\/div>\t\t\t\t<\/div>\n\t\t\t\t<div class=\"elementor-element elementor-element-5e2311c elementor-position-top elementor-widget elementor-widget-image-box\" data-id=\"5e2311c\" data-element_type=\"widget\" data-e-type=\"widget\" data-widget_type=\"image-box.default\">\n\t\t\t\t\t<div class=\"elementor-image-box-wrapper\"><figure class=\"elementor-image-box-img\"><img decoding=\"async\" width=\"1253\" height=\"836\" src=\"https:\/\/target-conseil.com\/wp-content\/uploads\/2026\/03\/image4.jpg\" class=\"attachment-full size-full wp-image-237\" alt=\"\" srcset=\"https:\/\/target-conseil.com\/wp-content\/uploads\/2026\/03\/image4.jpg 1253w, https:\/\/target-conseil.com\/wp-content\/uploads\/2026\/03\/image4-300x200.jpg 300w, https:\/\/target-conseil.com\/wp-content\/uploads\/2026\/03\/image4-1024x683.jpg 1024w, https:\/\/target-conseil.com\/wp-content\/uploads\/2026\/03\/image4-768x512.jpg 768w\" sizes=\"(max-width: 1253px) 100vw, 1253px\" \/><\/figure><div class=\"elementor-image-box-content\"><h3 class=\"elementor-image-box-title\">P\u00e9renniser les r\u00e9sultats<\/h3><p class=\"elementor-image-box-description\">\u00e9valuation des impacts\ncapitalisation des apprentissages\ntransfert de comp\u00e9tences\nObjectif : Objectif : inscrire les r\u00e9sultats dans la dur\u00e9e.<\/p><\/div><\/div>\t\t\t\t<\/div>\n\t\t\t\t<\/div>\n\t\t\t\t<\/div>\n\t\t\t\t<\/div>\n\t\t\t\t\t<\/div>\n\t\t\t\t<\/div>\n\t\t<div class=\"elementor-element elementor-element-715b198f e-flex e-con-boxed e-con e-parent\" data-id=\"715b198f\" data-element_type=\"container\" data-e-type=\"container\" data-settings=\"{&quot;background_background&quot;:&quot;classic&quot;}\">\n\t\t\t\t\t<div class=\"e-con-inner\">\n\t\t<div class=\"elementor-element elementor-element-48d5160 e-con-full e-flex e-con e-child\" data-id=\"48d5160\" data-element_type=\"container\" data-e-type=\"container\">\n\t\t\t\t<div class=\"elementor-element elementor-element-265d3aae elementor-widget elementor-widget-heading\" data-id=\"265d3aae\" data-element_type=\"widget\" data-e-type=\"widget\" data-settings=\"{&quot;_animation&quot;:&quot;none&quot;}\" data-widget_type=\"heading.default\">\n\t\t\t\t\t<h2 class=\"elementor-heading-title elementor-size-default\">Pourquoi choisir TARGET Conseil ?<\/h2>\t\t\t\t<\/div>\n\t\t\t\t<div class=\"elementor-element elementor-element-a6bfb96 elementor-widget elementor-widget-text-editor\" data-id=\"a6bfb96\" data-element_type=\"widget\" data-e-type=\"widget\" data-widget_type=\"text-editor.default\">\n\t\t\t\t\t\t\t\t\t<p data-start=\"44\" data-end=\"192\">Confier un projet strat\u00e9gique ne rel\u00e8ve pas uniquement de la m\u00e9thode, mais de la capacit\u00e9 \u00e0 comprendre vos enjeux, vos contraintes et vos ambitions.<\/p><p data-start=\"194\" data-end=\"227\">TARGET Conseil se distingue par :<\/p><ul data-start=\"229\" data-end=\"674\"><li data-section-id=\"18psh9f\" data-start=\"229\" data-end=\"340\"><strong data-start=\"231\" data-end=\"273\">Une approche structur\u00e9e et pragmatique<\/strong> : des outils \u00e9prouv\u00e9s, adapt\u00e9s \u00e0 la r\u00e9alit\u00e9 de vos organisations<\/li><li data-section-id=\"1k13uwy\" data-start=\"341\" data-end=\"461\"><strong data-start=\"343\" data-end=\"369\">Une lecture syst\u00e9mique<\/strong> : chaque projet est int\u00e9gr\u00e9 dans une vision globale (gouvernance, \u00e9quipes, environnement)<\/li><li data-section-id=\"sugqq3\" data-start=\"462\" data-end=\"565\"><strong data-start=\"464\" data-end=\"493\">Une exigence de r\u00e9sultats<\/strong> : au-del\u00e0 du pilotage, nous visons des impacts concrets et mesurables<\/li><li data-section-id=\"yq5q5k\" data-start=\"566\" data-end=\"674\"><strong data-start=\"568\" data-end=\"600\">Un accompagnement sur mesure<\/strong> : aucune solution standardis\u00e9e, chaque mission est construite avec vous<\/li><\/ul><p data-start=\"676\" data-end=\"770\">Notre engagement : transformer vos projets strat\u00e9giques en leviers durables de performance.<\/p>\t\t\t\t\t\t\t\t<\/div>\n\t\t\t\t<\/div>\n\t\t\t\t\t<\/div>\n\t\t\t\t<\/div>\n\t\t<div class=\"elementor-element elementor-element-59fc9e79 e-flex e-con-boxed e-con e-parent\" data-id=\"59fc9e79\" data-element_type=\"container\" data-e-type=\"container\" data-settings=\"{&quot;background_background&quot;:&quot;classic&quot;}\">\n\t\t\t\t\t<div class=\"e-con-inner\">\n\t\t<div class=\"elementor-element elementor-element-90492dc e-con-full e-flex e-con e-child\" data-id=\"90492dc\" data-element_type=\"container\" data-e-type=\"container\">\n\t\t<div class=\"elementor-element elementor-element-52eccc15 e-con-full e-flex e-con e-child\" data-id=\"52eccc15\" data-element_type=\"container\" data-e-type=\"container\">\n\t\t\t\t<div class=\"elementor-element elementor-element-9d6c712 elementor-widget__width-inherit elementor-widget elementor-widget-heading\" data-id=\"9d6c712\" data-element_type=\"widget\" data-e-type=\"widget\" data-settings=\"{&quot;_animation&quot;:&quot;none&quot;}\" data-widget_type=\"heading.default\">\n\t\t\t\t\t<h2 class=\"elementor-heading-title elementor-size-default\">Passer \u00e0 l\u2019action<\/h2>\t\t\t\t<\/div>\n\t\t\t\t<\/div>\n\t\t<div class=\"elementor-element elementor-element-74a81717 e-con-full e-flex e-con e-child\" data-id=\"74a81717\" data-element_type=\"container\" data-e-type=\"container\">\n\t\t\t\t<div class=\"elementor-element elementor-element-4e28ed7b elementor-widget__width-initial elementor-widget elementor-widget-text-editor\" data-id=\"4e28ed7b\" data-element_type=\"widget\" data-e-type=\"widget\" data-widget_type=\"text-editor.default\">\n\t\t\t\t\t\t\t\t\t<p>Un projet strat\u00e9gique ne s\u2019improvise pas. Il se structure, se pilote et se s\u00e9curise dans la dur\u00e9e.<\/p><p>Que vous soyez en phase de cadrage, de d\u00e9ploiement ou de r\u00e9ajustement, TARGET Conseil vous accompagne \u00e0 chaque \u00e9tape cl\u00e9.<\/p><p>Prenez un temps d\u2019\u00e9change pour clarifier votre projet et s\u00e9curiser sa r\u00e9ussite.<\/p>\t\t\t\t\t\t\t\t<\/div>\n\t\t\t\t<\/div>\n\t\t\t\t<div class=\"elementor-element elementor-element-705c587 elementor-widget__width-initial elementor-align-center elementor-widget elementor-widget-button\" data-id=\"705c587\" data-element_type=\"widget\" data-e-type=\"widget\" data-widget_type=\"button.default\">\n\t\t\t\t\t\t\t\t\t\t<a class=\"elementor-button elementor-button-link elementor-size-sm\" href=\"https:\/\/target-conseil.com\/index.php\/contact\/\">\n\t\t\t\t\t\t<span class=\"elementor-button-content-wrapper\">\n\t\t\t\t\t\t\t\t\t<span class=\"elementor-button-text\">S\u00e9curiser votre projet strat\u00e9gique<\/span>\n\t\t\t\t\t<\/span>\n\t\t\t\t\t<\/a>\n\t\t\t\t\t\t\t\t<\/div>\n\t\t\t\t<\/div>\n\t\t\t\t\t<\/div>\n\t\t\t\t<\/div>\n\t\t\t\t<\/div>\n\t\t","protected":false},"excerpt":{"rendered":"<p>Pilotage de projets strat\u00e9giques et transformation Un projet strat\u00e9gique engage bien plus qu\u2019un calendrier : il impacte la coh\u00e9rence globale de l\u2019organisation, la mobilisation des \u00e9quipes et la cr\u00e9dibilit\u00e9 de la trajectoire. TARGET Conseil accompagne les organisations dans le pilotage de projets structurants, de la d\u00e9finition \u00e0 la p\u00e9rennisation des r\u00e9sultats. S\u00e9curiser votre projet strat\u00e9gique [&hellip;]<\/p>\n","protected":false},"author":1,"featured_media":0,"parent":481,"menu_order":0,"comment_status":"closed","ping_status":"closed","template":"elementor_header_footer","meta":{"_seopress_robots_primary_cat":"","_seopress_titles_title":"","_seopress_titles_desc":"","_seopress_robots_index":"","footnotes":""},"class_list":["post-489","page","type-page","status-publish","hentry"],"_links":{"self":[{"href":"https:\/\/target-conseil.com\/wp-json\/wp\/v2\/pages\/489","targetHints":{"allow":["GET"]}}],"collection":[{"href":"https:\/\/target-conseil.com\/wp-json\/wp\/v2\/pages"}],"about":[{"href":"https:\/\/target-conseil.com\/wp-json\/wp\/v2\/types\/page"}],"author":[{"embeddable":true,"href":"https:\/\/target-conseil.com\/wp-json\/wp\/v2\/users\/1"}],"replies":[{"embeddable":true,"href":"https:\/\/target-conseil.com\/wp-json\/wp\/v2\/comments?post=489"}],"version-history":[{"count":85,"href":"https:\/\/target-conseil.com\/wp-json\/wp\/v2\/pages\/489\/revisions"}],"predecessor-version":[{"id":1476,"href":"https:\/\/target-conseil.com\/wp-json\/wp\/v2\/pages\/489\/revisions\/1476"}],"up":[{"embeddable":true,"href":"https:\/\/target-conseil.com\/wp-json\/wp\/v2\/pages\/481"}],"wp:attachment":[{"href":"https:\/\/target-conseil.com\/wp-json\/wp\/v2\/media?parent=489"}],"curies":[{"name":"wp","href":"https:\/\/api.w.org\/{rel}","templated":true}]}}