{"id":498,"date":"2026-03-23T21:28:54","date_gmt":"2026-03-23T20:28:54","guid":{"rendered":"https:\/\/target-conseil.com\/?page_id=498"},"modified":"2026-04-15T23:16:22","modified_gmt":"2026-04-15T21:16:22","slug":"cibler-linnovation","status":"publish","type":"page","link":"https:\/\/target-conseil.com\/conseil-strategique\/cibler-linnovation\/","title":{"rendered":"CIBLER L\u2019INNOVATION"},"content":{"rendered":"\t\t<div data-elementor-type=\"wp-page\" data-elementor-id=\"498\" class=\"elementor elementor-498\">\n\t\t\t\t<div class=\"elementor-element elementor-element-68bd11b9 e-flex e-con-boxed e-con e-parent\" data-id=\"68bd11b9\" data-element_type=\"container\" data-e-type=\"container\" data-settings=\"{&quot;background_background&quot;:&quot;classic&quot;}\">\n\t\t\t\t\t<div class=\"e-con-inner\">\n\t\t<div class=\"elementor-element elementor-element-5873b0eb e-con-full e-flex e-con e-child\" data-id=\"5873b0eb\" data-element_type=\"container\" data-e-type=\"container\">\n\t\t\t\t<div class=\"elementor-element elementor-element-46145d10 elementor-widget elementor-widget-heading\" data-id=\"46145d10\" data-element_type=\"widget\" data-e-type=\"widget\" data-settings=\"{&quot;_animation&quot;:&quot;none&quot;}\" data-widget_type=\"heading.default\">\n\t\t\t\t\t<h1 class=\"elementor-heading-title elementor-size-default\">Structurer l\u2019innovation pour cr\u00e9er de la valeur durable<\/h1>\t\t\t\t<\/div>\n\t\t\t\t<div class=\"elementor-element elementor-element-27e79600 elementor-widget elementor-widget-text-editor\" data-id=\"27e79600\" data-element_type=\"widget\" data-e-type=\"widget\" data-settings=\"{&quot;_animation&quot;:&quot;none&quot;,&quot;_animation_delay&quot;:300}\" data-widget_type=\"text-editor.default\">\n\t\t\t\t\t\t\t\t\tL\u2019innovation ne se limite pas \u00e0 l\u2019adoption de nouveaux outils ou technologies.\nElle transforme en profondeur les pratiques, les mod\u00e8les organisationnels et les modes de collaboration.\n\nDans un contexte de transformation rapide, les organisations doivent structurer leur capacit\u00e9 d\u2019innovation pour en faire un levier de performance durable.\n\nTARGET Conseil accompagne les organisations dans la structuration de leur strat\u00e9gie d\u2019innovation organisationnelle, num\u00e9rique et manag\u00e9riale.\t\t\t\t\t\t\t\t<\/div>\n\t\t<div class=\"elementor-element elementor-element-271d43b7 e-grid e-con-full e-con e-child\" data-id=\"271d43b7\" data-element_type=\"container\" data-e-type=\"container\">\n\t\t\t\t<div class=\"elementor-element elementor-element-6f162424 elementor-align-left elementor-mobile-align-center elementor-widget elementor-widget-button\" data-id=\"6f162424\" data-element_type=\"widget\" data-e-type=\"widget\" data-widget_type=\"button.default\">\n\t\t\t\t\t\t\t\t\t\t<a class=\"elementor-button elementor-button-link elementor-size-sm\" href=\"https:\/\/target-conseil.com\/contact\/\">\n\t\t\t\t\t\t<span class=\"elementor-button-content-wrapper\">\n\t\t\t\t\t\t\t\t\t<span class=\"elementor-button-text\">R\u00e9server un \u00e9change confidentiel<\/span>\n\t\t\t\t\t<\/span>\n\t\t\t\t\t<\/a>\n\t\t\t\t\t\t\t\t<\/div>\n\t\t\t\t<\/div>\n\t\t\t\t<\/div>\n\t\t\t\t\t<\/div>\n\t\t\t\t<\/div>\n\t\t<div class=\"elementor-element elementor-element-264b9d16 e-flex e-con-boxed e-con e-parent\" data-id=\"264b9d16\" data-element_type=\"container\" data-e-type=\"container\" data-settings=\"{&quot;background_background&quot;:&quot;classic&quot;}\">\n\t\t\t\t\t<div class=\"e-con-inner\">\n\t\t<div class=\"elementor-element elementor-element-878fb4b e-con-full e-flex e-con e-child\" data-id=\"878fb4b\" data-element_type=\"container\" data-e-type=\"container\">\n\t\t\t\t<div class=\"elementor-element elementor-element-29e07ae elementor-widget__width-initial elementor-widget elementor-widget-heading\" data-id=\"29e07ae\" data-element_type=\"widget\" data-e-type=\"widget\" data-settings=\"{&quot;_animation&quot;:&quot;none&quot;}\" data-widget_type=\"heading.default\">\n\t\t\t\t\t<h2 class=\"elementor-heading-title elementor-size-default\">Nos expertises en gestion de projet strat\u00e9gique<\/h2>\t\t\t\t<\/div>\n\t\t<div class=\"elementor-element elementor-element-f9a8369 e-con-full e-flex e-con e-child\" data-id=\"f9a8369\" data-element_type=\"container\" data-e-type=\"container\">\n\t\t<div class=\"elementor-element elementor-element-cae6fbf e-grid e-con-full e-con e-child\" data-id=\"cae6fbf\" data-element_type=\"container\" data-e-type=\"container\">\n\t\t\t\t<div class=\"elementor-element elementor-element-bb8746d elementor-position-top elementor-widget elementor-widget-image-box\" data-id=\"bb8746d\" data-element_type=\"widget\" data-e-type=\"widget\" data-widget_type=\"image-box.default\">\n\t\t\t\t\t<div class=\"elementor-image-box-wrapper\"><figure class=\"elementor-image-box-img\"><img fetchpriority=\"high\" decoding=\"async\" width=\"2048\" height=\"1388\" src=\"https:\/\/target-conseil.com\/wp-content\/uploads\/2026\/03\/Formation-executive.jpg\" class=\"attachment-full size-full wp-image-395\" alt=\"Formation ex\u00e9cutive\" srcset=\"https:\/\/target-conseil.com\/wp-content\/uploads\/2026\/03\/Formation-executive.jpg 2048w, https:\/\/target-conseil.com\/wp-content\/uploads\/2026\/03\/Formation-executive-300x203.jpg 300w, https:\/\/target-conseil.com\/wp-content\/uploads\/2026\/03\/Formation-executive-1024x694.jpg 1024w, https:\/\/target-conseil.com\/wp-content\/uploads\/2026\/03\/Formation-executive-768x521.jpg 768w, https:\/\/target-conseil.com\/wp-content\/uploads\/2026\/03\/Formation-executive-1536x1041.jpg 1536w\" sizes=\"(max-width: 2048px) 100vw, 2048px\" \/><\/figure><div class=\"elementor-image-box-content\"><h3 class=\"elementor-image-box-title\">Inspirer et cadrer<\/h3><p class=\"elementor-image-box-description\">D\u00e9finition d\u2019une vision strat\u00e9gique de l\u2019innovation<br>\nConstruction de feuilles de route op\u00e9rationnelles<br>\nMise en place de la gouvernance de l\u2019innovation<br>\nAnimation d\u2019ateliers de cr\u00e9ativit\u00e9 et d\u2019id\u00e9ation\n<br>\nObjectif : structurer une d\u00e9marche d\u2019innovation coh\u00e9rente et align\u00e9e avec les enjeux strat\u00e9giques.<\/p><\/div><\/div>\t\t\t\t<\/div>\n\t\t\t\t<div class=\"elementor-element elementor-element-87b2dbc elementor-position-top elementor-widget elementor-widget-image-box\" data-id=\"87b2dbc\" data-element_type=\"widget\" data-e-type=\"widget\" data-widget_type=\"image-box.default\">\n\t\t\t\t\t<div class=\"elementor-image-box-wrapper\"><figure class=\"elementor-image-box-img\"><img decoding=\"async\" width=\"2048\" height=\"1365\" src=\"https:\/\/target-conseil.com\/wp-content\/uploads\/2026\/03\/Conseil-strategique.jpg\" class=\"attachment-full size-full wp-image-393\" alt=\"Conseil strat\u00e9gique\" srcset=\"https:\/\/target-conseil.com\/wp-content\/uploads\/2026\/03\/Conseil-strategique.jpg 2048w, https:\/\/target-conseil.com\/wp-content\/uploads\/2026\/03\/Conseil-strategique-300x200.jpg 300w, https:\/\/target-conseil.com\/wp-content\/uploads\/2026\/03\/Conseil-strategique-1024x683.jpg 1024w, https:\/\/target-conseil.com\/wp-content\/uploads\/2026\/03\/Conseil-strategique-768x512.jpg 768w, https:\/\/target-conseil.com\/wp-content\/uploads\/2026\/03\/Conseil-strategique-1536x1024.jpg 1536w\" sizes=\"(max-width: 2048px) 100vw, 2048px\" \/><\/figure><div class=\"elementor-image-box-content\"><h3 class=\"elementor-image-box-title\">Exp\u00e9rimenter<\/h3><p class=\"elementor-image-box-description\">D\u00e9ploiement de projets pilotes<br>\nInt\u00e9gration d\u2019outils num\u00e9riques et d\u2019intelligence artificielle<br>\nMise en place de cycles courts d\u2019exp\u00e9rimentation et d\u2019it\u00e9ration<br>\n\u00c9valuation des impacts terrain\n<br>\nObjectif : tester, apprendre rapidement et ajuster les solutions.<\/p><\/div><\/div>\t\t\t\t<\/div>\n\t\t\t\t<div class=\"elementor-element elementor-element-518f6ed elementor-position-top elementor-widget elementor-widget-image-box\" data-id=\"518f6ed\" data-element_type=\"widget\" data-e-type=\"widget\" data-widget_type=\"image-box.default\">\n\t\t\t\t\t<div class=\"elementor-image-box-wrapper\"><figure class=\"elementor-image-box-img\"><img decoding=\"async\" width=\"1253\" height=\"836\" src=\"https:\/\/target-conseil.com\/wp-content\/uploads\/2026\/03\/image4.jpg\" class=\"attachment-full size-full wp-image-237\" alt=\"\" srcset=\"https:\/\/target-conseil.com\/wp-content\/uploads\/2026\/03\/image4.jpg 1253w, https:\/\/target-conseil.com\/wp-content\/uploads\/2026\/03\/image4-300x200.jpg 300w, https:\/\/target-conseil.com\/wp-content\/uploads\/2026\/03\/image4-1024x683.jpg 1024w, https:\/\/target-conseil.com\/wp-content\/uploads\/2026\/03\/image4-768x512.jpg 768w\" sizes=\"(max-width: 1253px) 100vw, 1253px\" \/><\/figure><div class=\"elementor-image-box-content\"><h3 class=\"elementor-image-box-title\">P\u00e9renniser les r\u00e9sultats<\/h3><p class=\"elementor-image-box-description\">Diffusion des pratiques innovantes dans l\u2019organisation<br>\nFormation et mont\u00e9e en comp\u00e9tence des \u00e9quipes<br>\nStructuration de processus d\u2019am\u00e9lioration continue<br>\nCapitalisation des retours d\u2019exp\u00e9rience\n<br>Objectif : transformer l\u2019innovation en capacit\u00e9 organisationnelle durable.<\/p><\/div><\/div>\t\t\t\t<\/div>\n\t\t\t\t<\/div>\n\t\t\t\t<\/div>\n\t\t\t\t<\/div>\n\t\t\t\t\t<\/div>\n\t\t\t\t<\/div>\n\t\t<div class=\"elementor-element elementor-element-44ee6044 e-flex e-con-boxed e-con e-parent\" data-id=\"44ee6044\" data-element_type=\"container\" data-e-type=\"container\" data-settings=\"{&quot;background_background&quot;:&quot;classic&quot;}\">\n\t\t\t\t\t<div class=\"e-con-inner\">\n\t\t<div class=\"elementor-element elementor-element-690db531 e-con-full e-flex e-con e-child\" data-id=\"690db531\" data-element_type=\"container\" data-e-type=\"container\">\n\t\t\t\t<div class=\"elementor-element elementor-element-28892033 elementor-widget elementor-widget-heading\" data-id=\"28892033\" data-element_type=\"widget\" data-e-type=\"widget\" data-settings=\"{&quot;_animation&quot;:&quot;none&quot;}\" data-widget_type=\"heading.default\">\n\t\t\t\t\t<h2 class=\"elementor-heading-title elementor-size-default\">Une innovation ancr\u00e9e dans le r\u00e9el<\/h2>\t\t\t\t<\/div>\n\t\t\t\t<div class=\"elementor-element elementor-element-526ffa8 elementor-widget elementor-widget-text-editor\" data-id=\"526ffa8\" data-element_type=\"widget\" data-e-type=\"widget\" data-widget_type=\"text-editor.default\">\n\t\t\t\t\t\t\t\t\t<p data-start=\"1985\" data-end=\"2093\">Chez TARGET Conseil, l\u2019innovation est con\u00e7ue comme un levier op\u00e9rationnel, pas comme une d\u00e9marche th\u00e9orique.<\/p><p data-start=\"2095\" data-end=\"2129\">Nous privil\u00e9gions une innovation :<\/p><ul data-start=\"2131\" data-end=\"2339\"><li data-section-id=\"1gfzjn\" data-start=\"2131\" data-end=\"2193\"><strong data-start=\"2133\" data-end=\"2142\">Utile<\/strong> \u2014 centr\u00e9e sur des besoins concrets et mesurables<\/li><li data-section-id=\"11umvpb\" data-start=\"2194\" data-end=\"2270\"><strong data-start=\"2196\" data-end=\"2207\">Adapt\u00e9e<\/strong> \u2014 align\u00e9e avec les contraintes organisationnelles et locales<\/li><li data-section-id=\"pudhxo\" data-start=\"2271\" data-end=\"2339\"><strong data-start=\"2273\" data-end=\"2292\">Orient\u00e9e impact<\/strong> \u2014 tourn\u00e9e vers la cr\u00e9ation de valeur durable<\/li><\/ul><p data-start=\"2341\" data-end=\"2433\">L\u2019innovation efficace est celle qui s\u2019int\u00e8gre r\u00e9ellement dans les pratiques du quotidien.<\/p>\t\t\t\t\t\t\t\t<\/div>\n\t\t\t\t<\/div>\n\t\t\t\t\t<\/div>\n\t\t\t\t<\/div>\n\t\t<div class=\"elementor-element elementor-element-717099a8 e-flex e-con-boxed e-con e-parent\" data-id=\"717099a8\" data-element_type=\"container\" data-e-type=\"container\" data-settings=\"{&quot;background_background&quot;:&quot;classic&quot;}\">\n\t\t\t\t\t<div class=\"e-con-inner\">\n\t\t<div class=\"elementor-element elementor-element-176766c6 e-con-full e-flex e-con e-child\" data-id=\"176766c6\" data-element_type=\"container\" data-e-type=\"container\">\n\t\t<div class=\"elementor-element elementor-element-7b02f935 e-con-full e-flex e-con e-child\" data-id=\"7b02f935\" data-element_type=\"container\" data-e-type=\"container\">\n\t\t\t\t<div class=\"elementor-element elementor-element-2bbc8092 elementor-widget__width-initial elementor-widget elementor-widget-heading\" data-id=\"2bbc8092\" data-element_type=\"widget\" data-e-type=\"widget\" data-settings=\"{&quot;_animation&quot;:&quot;none&quot;}\" data-widget_type=\"heading.default\">\n\t\t\t\t\t<h2 class=\"elementor-heading-title elementor-size-default\">Passer \u00e0 l\u2019action<\/h2>\t\t\t\t<\/div>\n\t\t\t\t<\/div>\n\t\t<div class=\"elementor-element elementor-element-2f695f4 e-con-full e-flex e-con e-child\" data-id=\"2f695f4\" data-element_type=\"container\" data-e-type=\"container\">\n\t\t\t\t<div class=\"elementor-element elementor-element-2d72688e elementor-widget__width-initial elementor-widget elementor-widget-text-editor\" data-id=\"2d72688e\" data-element_type=\"widget\" data-e-type=\"widget\" data-widget_type=\"text-editor.default\">\n\t\t\t\t\t\t\t\t\t<p data-start=\"2472\" data-end=\"2563\">Structurer une d\u00e9marche d\u2019innovation permet de transformer les id\u00e9es en r\u00e9sultats concrets.<\/p><p data-start=\"2565\" data-end=\"2656\"><strong data-start=\"2565\" data-end=\"2656\">Faites de l\u2019innovation un levier structur\u00e9 de performance et de transformation durable.<\/strong><\/p>\t\t\t\t\t\t\t\t<\/div>\n\t\t\t\t<\/div>\n\t\t\t\t<div class=\"elementor-element elementor-element-e5bce14 elementor-widget__width-initial elementor-align-center elementor-widget elementor-widget-button\" data-id=\"e5bce14\" data-element_type=\"widget\" data-e-type=\"widget\" data-widget_type=\"button.default\">\n\t\t\t\t\t\t\t\t\t\t<a class=\"elementor-button elementor-button-link elementor-size-sm\" href=\"https:\/\/target-conseil.com\/contact\/\">\n\t\t\t\t\t\t<span class=\"elementor-button-content-wrapper\">\n\t\t\t\t\t\t\t\t\t<span class=\"elementor-button-text\">Structurer votre d\u00e9marche d\u2019innovation<\/span>\n\t\t\t\t\t<\/span>\n\t\t\t\t\t<\/a>\n\t\t\t\t\t\t\t\t<\/div>\n\t\t\t\t<\/div>\n\t\t\t\t\t<\/div>\n\t\t\t\t<\/div>\n\t\t\t\t<\/div>\n\t\t","protected":false},"excerpt":{"rendered":"<p>Structurer l\u2019innovation pour cr\u00e9er de la valeur durable L\u2019innovation ne se limite pas \u00e0 l\u2019adoption de nouveaux outils ou technologies. Elle transforme en profondeur les pratiques, les mod\u00e8les organisationnels et les modes de collaboration. Dans un contexte de transformation rapide, les organisations doivent structurer leur capacit\u00e9 d\u2019innovation pour en faire un levier de performance durable. [&hellip;]<\/p>\n","protected":false},"author":1,"featured_media":0,"parent":481,"menu_order":0,"comment_status":"closed","ping_status":"closed","template":"elementor_header_footer","meta":{"_seopress_robots_primary_cat":"","_seopress_titles_title":"","_seopress_titles_desc":"","_seopress_robots_index":"","footnotes":""},"class_list":["post-498","page","type-page","status-publish","hentry"],"_links":{"self":[{"href":"https:\/\/target-conseil.com\/wp-json\/wp\/v2\/pages\/498","targetHints":{"allow":["GET"]}}],"collection":[{"href":"https:\/\/target-conseil.com\/wp-json\/wp\/v2\/pages"}],"about":[{"href":"https:\/\/target-conseil.com\/wp-json\/wp\/v2\/types\/page"}],"author":[{"embeddable":true,"href":"https:\/\/target-conseil.com\/wp-json\/wp\/v2\/users\/1"}],"replies":[{"embeddable":true,"href":"https:\/\/target-conseil.com\/wp-json\/wp\/v2\/comments?post=498"}],"version-history":[{"count":56,"href":"https:\/\/target-conseil.com\/wp-json\/wp\/v2\/pages\/498\/revisions"}],"predecessor-version":[{"id":1470,"href":"https:\/\/target-conseil.com\/wp-json\/wp\/v2\/pages\/498\/revisions\/1470"}],"up":[{"embeddable":true,"href":"https:\/\/target-conseil.com\/wp-json\/wp\/v2\/pages\/481"}],"wp:attachment":[{"href":"https:\/\/target-conseil.com\/wp-json\/wp\/v2\/media?parent=498"}],"curies":[{"name":"wp","href":"https:\/\/api.w.org\/{rel}","templated":true}]}}