{"id":504,"date":"2026-03-23T21:36:57","date_gmt":"2026-03-23T20:36:57","guid":{"rendered":"https:\/\/target-conseil.com\/?page_id=504"},"modified":"2026-04-15T23:16:26","modified_gmt":"2026-04-15T21:16:26","slug":"cibler-vos-organisations","status":"publish","type":"page","link":"https:\/\/target-conseil.com\/conseil-strategique\/cibler-vos-organisations\/","title":{"rendered":"CIBLER VOS ORGANISATIONS"},"content":{"rendered":"\t\t<div data-elementor-type=\"wp-page\" data-elementor-id=\"504\" class=\"elementor elementor-504\">\n\t\t\t\t<div class=\"elementor-element elementor-element-3eaa8d87 e-flex e-con-boxed e-con e-parent\" data-id=\"3eaa8d87\" data-element_type=\"container\" data-e-type=\"container\" data-settings=\"{&quot;background_background&quot;:&quot;classic&quot;}\">\n\t\t\t\t\t<div class=\"e-con-inner\">\n\t\t<div class=\"elementor-element elementor-element-676d99b8 e-con-full e-flex e-con e-child\" data-id=\"676d99b8\" data-element_type=\"container\" data-e-type=\"container\">\n\t\t\t\t<div class=\"elementor-element elementor-element-2c90792f elementor-widget elementor-widget-heading\" data-id=\"2c90792f\" data-element_type=\"widget\" data-e-type=\"widget\" data-settings=\"{&quot;_animation&quot;:&quot;none&quot;}\" data-widget_type=\"heading.default\">\n\t\t\t\t\t<h1 class=\"elementor-heading-title elementor-size-default\">Repenser votre organisation pour renforcer votre performance<\/h1>\t\t\t\t<\/div>\n\t\t\t\t<div class=\"elementor-element elementor-element-178e8e0a elementor-widget elementor-widget-text-editor\" data-id=\"178e8e0a\" data-element_type=\"widget\" data-e-type=\"widget\" data-settings=\"{&quot;_animation&quot;:&quot;none&quot;,&quot;_animation_delay&quot;:300}\" data-widget_type=\"text-editor.default\">\n\t\t\t\t\t\t\t\t\tLa performance d\u2019une organisation ne d\u00e9pend pas uniquement de ses ressources, mais de la mani\u00e8re dont elle est structur\u00e9e, pilot\u00e9e et coordonn\u00e9e. TARGET Conseil accompagne les transformations organisationnelles pour renforcer la coh\u00e9rence interne, am\u00e9liorer la gouvernance et d\u00e9velopper la capacit\u00e9 d\u2019action collective.\t\t\t\t\t\t\t\t<\/div>\n\t\t<div class=\"elementor-element elementor-element-569cf6d e-grid e-con-full e-con e-child\" data-id=\"569cf6d\" data-element_type=\"container\" data-e-type=\"container\">\n\t\t\t\t<div class=\"elementor-element elementor-element-4e01fa81 elementor-align-left elementor-widget elementor-widget-button\" data-id=\"4e01fa81\" data-element_type=\"widget\" data-e-type=\"widget\" data-widget_type=\"button.default\">\n\t\t\t\t\t\t\t\t\t\t<a class=\"elementor-button elementor-button-link elementor-size-sm\" href=\"https:\/\/target-conseil.com\/index.php\/contact\/\">\n\t\t\t\t\t\t<span class=\"elementor-button-content-wrapper\">\n\t\t\t\t\t\t\t\t\t<span class=\"elementor-button-text\">R\u00e9server un \u00e9change confidentiel<\/span>\n\t\t\t\t\t<\/span>\n\t\t\t\t\t<\/a>\n\t\t\t\t\t\t\t\t<\/div>\n\t\t\t\t<\/div>\n\t\t\t\t<\/div>\n\t\t\t\t\t<\/div>\n\t\t\t\t<\/div>\n\t\t<div class=\"elementor-element elementor-element-5203dc5b e-flex e-con-boxed e-con e-parent\" data-id=\"5203dc5b\" data-element_type=\"container\" data-e-type=\"container\" data-settings=\"{&quot;background_background&quot;:&quot;classic&quot;}\">\n\t\t\t\t\t<div class=\"e-con-inner\">\n\t\t<div class=\"elementor-element elementor-element-7fac1a43 e-con-full e-flex e-con e-child\" data-id=\"7fac1a43\" data-element_type=\"container\" data-e-type=\"container\">\n\t\t\t\t<div class=\"elementor-element elementor-element-7042aa66 elementor-widget__width-initial elementor-widget elementor-widget-heading\" data-id=\"7042aa66\" data-element_type=\"widget\" data-e-type=\"widget\" data-settings=\"{&quot;_animation&quot;:&quot;none&quot;}\" data-widget_type=\"heading.default\">\n\t\t\t\t\t<h2 class=\"elementor-heading-title elementor-size-default\">Nos expertises en transformation organisationnelle<\/h2>\t\t\t\t<\/div>\n\t\t\t\t<\/div>\n\t\t<div class=\"elementor-element elementor-element-dd3daf8 e-grid e-con-full e-con e-child\" data-id=\"dd3daf8\" data-element_type=\"container\" data-e-type=\"container\">\n\t\t\t\t<div class=\"elementor-element elementor-element-c53d002 elementor-position-top elementor-widget elementor-widget-image-box\" data-id=\"c53d002\" data-element_type=\"widget\" data-e-type=\"widget\" data-widget_type=\"image-box.default\">\n\t\t\t\t\t<div class=\"elementor-image-box-wrapper\"><figure class=\"elementor-image-box-img\"><img fetchpriority=\"high\" decoding=\"async\" width=\"1253\" height=\"836\" src=\"https:\/\/target-conseil.com\/wp-content\/uploads\/2026\/03\/image1.jpg\" class=\"attachment-full size-full wp-image-238\" alt=\"\" srcset=\"https:\/\/target-conseil.com\/wp-content\/uploads\/2026\/03\/image1.jpg 1253w, https:\/\/target-conseil.com\/wp-content\/uploads\/2026\/03\/image1-300x200.jpg 300w, https:\/\/target-conseil.com\/wp-content\/uploads\/2026\/03\/image1-1024x683.jpg 1024w, https:\/\/target-conseil.com\/wp-content\/uploads\/2026\/03\/image1-768x512.jpg 768w\" sizes=\"(max-width: 1253px) 100vw, 1253px\" \/><\/figure><div class=\"elementor-image-box-content\"><h3 class=\"elementor-image-box-title\">Diagnostiquer l\u2019existant<\/h3><p class=\"elementor-image-box-description\">Analyse des processus internes\nCartographie des flux de travail et de d\u00e9cision\n\u00c9valuation des interactions entre \u00e9quipes et fonctions<br>\nObjectif : identifier les points de friction, les doublons et les leviers de performance.<\/p><\/div><\/div>\t\t\t\t<\/div>\n\t\t\t\t<div class=\"elementor-element elementor-element-bb02b18 elementor-position-top elementor-widget elementor-widget-image-box\" data-id=\"bb02b18\" data-element_type=\"widget\" data-e-type=\"widget\" data-widget_type=\"image-box.default\">\n\t\t\t\t\t<div class=\"elementor-image-box-wrapper\"><figure class=\"elementor-image-box-img\"><img decoding=\"async\" width=\"2048\" height=\"1365\" src=\"https:\/\/target-conseil.com\/wp-content\/uploads\/2026\/03\/Conseil-strategique.jpg\" class=\"attachment-full size-full wp-image-393\" alt=\"Conseil strat\u00e9gique\" srcset=\"https:\/\/target-conseil.com\/wp-content\/uploads\/2026\/03\/Conseil-strategique.jpg 2048w, https:\/\/target-conseil.com\/wp-content\/uploads\/2026\/03\/Conseil-strategique-300x200.jpg 300w, https:\/\/target-conseil.com\/wp-content\/uploads\/2026\/03\/Conseil-strategique-1024x683.jpg 1024w, https:\/\/target-conseil.com\/wp-content\/uploads\/2026\/03\/Conseil-strategique-768x512.jpg 768w, https:\/\/target-conseil.com\/wp-content\/uploads\/2026\/03\/Conseil-strategique-1536x1024.jpg 1536w\" sizes=\"(max-width: 2048px) 100vw, 2048px\" \/><\/figure><div class=\"elementor-image-box-content\"><h3 class=\"elementor-image-box-title\">Reconcevoir l\u2019organisation<\/h3><p class=\"elementor-image-box-description\">Optimisation des structures organisationnelles\nClarification des r\u00f4les et responsabilit\u00e9s\nAm\u00e9lioration des m\u00e9canismes de gouvernance<br>\nObjectif : fluidifier la prise de d\u00e9cision et renforcer la lisibilit\u00e9 organisationnelle.<\/p><\/div><\/div>\t\t\t\t<\/div>\n\t\t\t\t<div class=\"elementor-element elementor-element-6405af8 elementor-position-top elementor-widget elementor-widget-image-box\" data-id=\"6405af8\" data-element_type=\"widget\" data-e-type=\"widget\" data-widget_type=\"image-box.default\">\n\t\t\t\t\t<div class=\"elementor-image-box-wrapper\"><figure class=\"elementor-image-box-img\"><img decoding=\"async\" width=\"724\" height=\"483\" src=\"https:\/\/target-conseil.com\/wp-content\/uploads\/2026\/03\/Diverse-Team-Meeting-in-Modern-Office.jpg\" class=\"attachment-full size-full wp-image-465\" alt=\"Diverse-Team-Meeting-in-Modern-Office\" srcset=\"https:\/\/target-conseil.com\/wp-content\/uploads\/2026\/03\/Diverse-Team-Meeting-in-Modern-Office.jpg 724w, https:\/\/target-conseil.com\/wp-content\/uploads\/2026\/03\/Diverse-Team-Meeting-in-Modern-Office-300x200.jpg 300w\" sizes=\"(max-width: 724px) 100vw, 724px\" \/><\/figure><div class=\"elementor-image-box-content\"><h3 class=\"elementor-image-box-title\">Accompagner le changement<\/h3><p class=\"elementor-image-box-description\">Mobilisation et engagement des \u00e9quipes\nAccompagnement manag\u00e9rial de proximit\u00e9\nAncrage durable des nouvelles pratiques\n<br>\nObjectif : s\u00e9curiser l\u2019adh\u00e9sion et garantir la durabilit\u00e9 des transformations.<\/p><\/div><\/div>\t\t\t\t<\/div>\n\t\t\t\t<\/div>\n\t\t\t\t\t<\/div>\n\t\t\t\t<\/div>\n\t\t<div class=\"elementor-element elementor-element-6909ea34 e-flex e-con-boxed e-con e-parent\" data-id=\"6909ea34\" data-element_type=\"container\" data-e-type=\"container\" data-settings=\"{&quot;background_background&quot;:&quot;classic&quot;}\">\n\t\t\t\t\t<div class=\"e-con-inner\">\n\t\t<div class=\"elementor-element elementor-element-1236eba3 e-con-full e-flex e-con e-child\" data-id=\"1236eba3\" data-element_type=\"container\" data-e-type=\"container\">\n\t\t\t\t<div class=\"elementor-element elementor-element-61392205 elementor-widget elementor-widget-heading\" data-id=\"61392205\" data-element_type=\"widget\" data-e-type=\"widget\" data-settings=\"{&quot;_animation&quot;:&quot;none&quot;}\" data-widget_type=\"heading.default\">\n\t\t\t\t\t<h2 class=\"elementor-heading-title elementor-size-default\">Notre approche<\/h2>\t\t\t\t<\/div>\n\t\t\t\t<div class=\"elementor-element elementor-element-0f19c72 elementor-widget elementor-widget-text-editor\" data-id=\"0f19c72\" data-element_type=\"widget\" data-e-type=\"widget\" data-widget_type=\"text-editor.default\">\n\t\t\t\t\t\t\t\t\t<p>Notre intervention repose sur une m\u00e9thode \u00e9prouv\u00e9e, adapt\u00e9e aux r\u00e9alit\u00e9s des organisations publiques et priv\u00e9es :<\/p><p>Syst\u00e9mique \u2014 Comprendre les interactions entre structures, processus et acteurs<br \/>Pragmatique \u2014 Produire des r\u00e9sultats concrets et directement op\u00e9rationnels<br \/>Coop\u00e9rative \u2014 Impliquer les \u00e9quipes pour garantir l\u2019appropriation<\/p><p>Une transformation r\u00e9ussie est \u00e0 la fois structur\u00e9e, partag\u00e9e et ancr\u00e9e dans le r\u00e9el.<\/p>\t\t\t\t\t\t\t\t<\/div>\n\t\t\t\t<\/div>\n\t\t\t\t\t<\/div>\n\t\t\t\t<\/div>\n\t\t<div class=\"elementor-element elementor-element-7b754b5 e-flex e-con-boxed e-con e-parent\" data-id=\"7b754b5\" data-element_type=\"container\" data-e-type=\"container\" data-settings=\"{&quot;background_background&quot;:&quot;classic&quot;}\">\n\t\t\t\t\t<div class=\"e-con-inner\">\n\t\t<div class=\"elementor-element elementor-element-27c09bab e-con-full e-flex e-con e-child\" data-id=\"27c09bab\" data-element_type=\"container\" data-e-type=\"container\">\n\t\t<div class=\"elementor-element elementor-element-2d6f8438 e-con-full e-flex e-con e-child\" data-id=\"2d6f8438\" data-element_type=\"container\" data-e-type=\"container\">\n\t\t\t\t<div class=\"elementor-element elementor-element-2483f22f elementor-widget__width-inherit elementor-widget elementor-widget-heading\" data-id=\"2483f22f\" data-element_type=\"widget\" data-e-type=\"widget\" data-settings=\"{&quot;_animation&quot;:&quot;none&quot;}\" data-widget_type=\"heading.default\">\n\t\t\t\t\t<h2 class=\"elementor-heading-title elementor-size-default\">Passer \u00e0 l\u2019action<\/h2>\t\t\t\t<\/div>\n\t\t\t\t<\/div>\n\t\t<div class=\"elementor-element elementor-element-60c934a e-con-full e-flex e-con e-child\" data-id=\"60c934a\" data-element_type=\"container\" data-e-type=\"container\">\n\t\t\t\t<div class=\"elementor-element elementor-element-3fecef87 elementor-widget__width-initial elementor-widget elementor-widget-text-editor\" data-id=\"3fecef87\" data-element_type=\"widget\" data-e-type=\"widget\" data-widget_type=\"text-editor.default\">\n\t\t\t\t\t\t\t\t\t<p>Une transformation organisationnelle est un levier strat\u00e9gique de performance durable.<\/p><p>Transformez votre organisation pour gagner en clart\u00e9, en efficacit\u00e9 et en capacit\u00e9 d\u2019action.<\/p>\t\t\t\t\t\t\t\t<\/div>\n\t\t\t\t<\/div>\n\t\t\t\t<div class=\"elementor-element elementor-element-4ac91a5f elementor-widget__width-initial elementor-align-center elementor-widget elementor-widget-button\" data-id=\"4ac91a5f\" data-element_type=\"widget\" data-e-type=\"widget\" data-widget_type=\"button.default\">\n\t\t\t\t\t\t\t\t\t\t<a class=\"elementor-button elementor-button-link elementor-size-sm\" href=\"https:\/\/target-conseil.com\/index.php\/contact\/\">\n\t\t\t\t\t\t<span class=\"elementor-button-content-wrapper\">\n\t\t\t\t\t\t\t\t\t<span class=\"elementor-button-text\">R\u00e9server un \u00e9change confidentiel<\/span>\n\t\t\t\t\t<\/span>\n\t\t\t\t\t<\/a>\n\t\t\t\t\t\t\t\t<\/div>\n\t\t\t\t<\/div>\n\t\t\t\t\t<\/div>\n\t\t\t\t<\/div>\n\t\t\t\t<\/div>\n\t\t","protected":false},"excerpt":{"rendered":"<p>Repenser votre organisation pour renforcer votre performance La performance d\u2019une organisation ne d\u00e9pend pas uniquement de ses ressources, mais de la mani\u00e8re dont elle est structur\u00e9e, pilot\u00e9e et coordonn\u00e9e. TARGET Conseil accompagne les transformations organisationnelles pour renforcer la coh\u00e9rence interne, am\u00e9liorer la gouvernance et d\u00e9velopper la capacit\u00e9 d\u2019action collective. R\u00e9server un \u00e9change confidentiel Nos expertises [&hellip;]<\/p>\n","protected":false},"author":1,"featured_media":0,"parent":481,"menu_order":0,"comment_status":"closed","ping_status":"closed","template":"elementor_header_footer","meta":{"_seopress_robots_primary_cat":"","_seopress_titles_title":"","_seopress_titles_desc":"","_seopress_robots_index":"","footnotes":""},"class_list":["post-504","page","type-page","status-publish","hentry"],"_links":{"self":[{"href":"https:\/\/target-conseil.com\/wp-json\/wp\/v2\/pages\/504","targetHints":{"allow":["GET"]}}],"collection":[{"href":"https:\/\/target-conseil.com\/wp-json\/wp\/v2\/pages"}],"about":[{"href":"https:\/\/target-conseil.com\/wp-json\/wp\/v2\/types\/page"}],"author":[{"embeddable":true,"href":"https:\/\/target-conseil.com\/wp-json\/wp\/v2\/users\/1"}],"replies":[{"embeddable":true,"href":"https:\/\/target-conseil.com\/wp-json\/wp\/v2\/comments?post=504"}],"version-history":[{"count":64,"href":"https:\/\/target-conseil.com\/wp-json\/wp\/v2\/pages\/504\/revisions"}],"predecessor-version":[{"id":1469,"href":"https:\/\/target-conseil.com\/wp-json\/wp\/v2\/pages\/504\/revisions\/1469"}],"up":[{"embeddable":true,"href":"https:\/\/target-conseil.com\/wp-json\/wp\/v2\/pages\/481"}],"wp:attachment":[{"href":"https:\/\/target-conseil.com\/wp-json\/wp\/v2\/media?parent=504"}],"curies":[{"name":"wp","href":"https:\/\/api.w.org\/{rel}","templated":true}]}}