{"id":512,"date":"2026-03-23T21:44:15","date_gmt":"2026-03-23T20:44:15","guid":{"rendered":"https:\/\/target-conseil.com\/?page_id=512"},"modified":"2026-04-15T22:47:10","modified_gmt":"2026-04-15T20:47:10","slug":"formation-cibler-les-competences","status":"publish","type":"page","link":"https:\/\/target-conseil.com\/formation-cibler-les-competences\/","title":{"rendered":"FORMATION CIBLER LES COMP\u00c9TENCES"},"content":{"rendered":"\t\t<div data-elementor-type=\"wp-page\" data-elementor-id=\"512\" class=\"elementor elementor-512\">\n\t\t\t\t<div class=\"elementor-element elementor-element-2199d19a e-flex e-con-boxed e-con e-parent\" data-id=\"2199d19a\" data-element_type=\"container\" data-e-type=\"container\" data-settings=\"{&quot;background_background&quot;:&quot;classic&quot;}\">\n\t\t\t\t\t<div class=\"e-con-inner\">\n\t\t<div class=\"elementor-element elementor-element-5ca09fa8 e-con-full e-flex e-con e-child\" data-id=\"5ca09fa8\" data-element_type=\"container\" data-e-type=\"container\">\n\t\t\t\t<div class=\"elementor-element elementor-element-1966f47c elementor-widget elementor-widget-heading\" data-id=\"1966f47c\" data-element_type=\"widget\" data-e-type=\"widget\" data-settings=\"{&quot;_animation&quot;:&quot;none&quot;}\" data-widget_type=\"heading.default\">\n\t\t\t\t\t<h1 class=\"elementor-heading-title elementor-size-default\">Former pour renforcer la capacit\u00e9 strat\u00e9gique<\/h1>\t\t\t\t<\/div>\n\t\t\t\t<div class=\"elementor-element elementor-element-ba2647f elementor-widget elementor-widget-text-editor\" data-id=\"ba2647f\" data-element_type=\"widget\" data-e-type=\"widget\" data-settings=\"{&quot;_animation&quot;:&quot;none&quot;,&quot;_animation_delay&quot;:300}\" data-widget_type=\"text-editor.default\">\n\t\t\t\t\t\t\t\t\t<p>La formation n\u2019est pas un module isol\u00e9.<br \/>C\u2019est un levier de transformation.<\/p><p>Chez TARGET Conseil, nous concevons des formations qui permettent aux \u00e9quipes de mieux comprendre, mieux collaborer et mieux d\u00e9cider dans un environnement en constante \u00e9volution.<\/p>\t\t\t\t\t\t\t\t<\/div>\n\t\t<div class=\"elementor-element elementor-element-619ea494 e-grid e-con-full e-con e-child\" data-id=\"619ea494\" data-element_type=\"container\" data-e-type=\"container\">\n\t\t\t\t<div class=\"elementor-element elementor-element-2772387d elementor-align-left elementor-widget__width-inherit elementor-mobile-align-center elementor-widget elementor-widget-button\" data-id=\"2772387d\" data-element_type=\"widget\" data-e-type=\"widget\" data-widget_type=\"button.default\">\n\t\t\t\t\t\t\t\t\t\t<a class=\"elementor-button elementor-button-link elementor-size-sm\" href=\"https:\/\/target-conseil.com\/contact\/\">\n\t\t\t\t\t\t<span class=\"elementor-button-content-wrapper\">\n\t\t\t\t\t\t\t\t\t<span class=\"elementor-button-text\">R\u00e9server une formation<\/span>\n\t\t\t\t\t<\/span>\n\t\t\t\t\t<\/a>\n\t\t\t\t\t\t\t\t<\/div>\n\t\t\t\t<\/div>\n\t\t\t\t<\/div>\n\t\t\t\t\t<\/div>\n\t\t\t\t<\/div>\n\t\t<div class=\"elementor-element elementor-element-17724c6b e-flex e-con-boxed e-con e-parent\" data-id=\"17724c6b\" data-element_type=\"container\" data-e-type=\"container\" data-settings=\"{&quot;background_background&quot;:&quot;classic&quot;}\">\n\t\t\t\t\t<div class=\"e-con-inner\">\n\t\t<div class=\"elementor-element elementor-element-485ab213 e-con-full e-flex e-con e-child\" data-id=\"485ab213\" data-element_type=\"container\" data-e-type=\"container\">\n\t\t<div class=\"elementor-element elementor-element-5a604ed e-con-full e-flex e-con e-child\" data-id=\"5a604ed\" data-element_type=\"container\" data-e-type=\"container\">\n\t\t\t\t<div class=\"elementor-element elementor-element-a4ef439 elementor-widget__width-initial elementor-widget elementor-widget-heading\" data-id=\"a4ef439\" data-element_type=\"widget\" data-e-type=\"widget\" data-settings=\"{&quot;_animation&quot;:&quot;none&quot;}\" data-widget_type=\"heading.default\">\n\t\t\t\t\t<h2 class=\"elementor-heading-title elementor-size-default\">Nos expertises en formation<\/h2>\t\t\t\t<\/div>\n\t\t<div class=\"elementor-element elementor-element-e8a8873 e-con-full e-flex e-con e-child\" data-id=\"e8a8873\" data-element_type=\"container\" data-e-type=\"container\">\n\t\t<div class=\"elementor-element elementor-element-67f28d5 e-grid e-con-full e-con e-child\" data-id=\"67f28d5\" data-element_type=\"container\" data-e-type=\"container\">\n\t\t\t\t<div class=\"elementor-element elementor-element-afc3eb1 elementor-position-top elementor-widget elementor-widget-image-box\" data-id=\"afc3eb1\" data-element_type=\"widget\" data-e-type=\"widget\" data-widget_type=\"image-box.default\">\n\t\t\t\t\t<div class=\"elementor-image-box-wrapper\"><figure class=\"elementor-image-box-img\"><img fetchpriority=\"high\" decoding=\"async\" width=\"2048\" height=\"1388\" src=\"https:\/\/target-conseil.com\/wp-content\/uploads\/2026\/03\/Formation-executive.jpg\" class=\"attachment-full size-full wp-image-395\" alt=\"Formation ex\u00e9cutive\" srcset=\"https:\/\/target-conseil.com\/wp-content\/uploads\/2026\/03\/Formation-executive.jpg 2048w, https:\/\/target-conseil.com\/wp-content\/uploads\/2026\/03\/Formation-executive-300x203.jpg 300w, https:\/\/target-conseil.com\/wp-content\/uploads\/2026\/03\/Formation-executive-1024x694.jpg 1024w, https:\/\/target-conseil.com\/wp-content\/uploads\/2026\/03\/Formation-executive-768x521.jpg 768w, https:\/\/target-conseil.com\/wp-content\/uploads\/2026\/03\/Formation-executive-1536x1041.jpg 1536w\" sizes=\"(max-width: 2048px) 100vw, 2048px\" \/><\/figure><div class=\"elementor-image-box-content\"><h3 class=\"elementor-image-box-title\">AI conversationnelle<\/h3><p class=\"elementor-image-box-description\">D\u00e9velopper la posture professionnelle, renforcer l\u2019impact et am\u00e9liorer la relation client.\n<br> Objectif : am\u00e9liorer la performance relationnelle et commerciale.<\/p><\/div><\/div>\t\t\t\t<\/div>\n\t\t\t\t<div class=\"elementor-element elementor-element-6c35cc3 elementor-position-top elementor-widget elementor-widget-image-box\" data-id=\"6c35cc3\" data-element_type=\"widget\" data-e-type=\"widget\" data-widget_type=\"image-box.default\">\n\t\t\t\t\t<div class=\"elementor-image-box-wrapper\"><figure class=\"elementor-image-box-img\"><img decoding=\"async\" width=\"2048\" height=\"1365\" src=\"https:\/\/target-conseil.com\/wp-content\/uploads\/2026\/03\/Conseil-strategique.jpg\" class=\"attachment-full size-full wp-image-393\" alt=\"Conseil strat\u00e9gique\" srcset=\"https:\/\/target-conseil.com\/wp-content\/uploads\/2026\/03\/Conseil-strategique.jpg 2048w, https:\/\/target-conseil.com\/wp-content\/uploads\/2026\/03\/Conseil-strategique-300x200.jpg 300w, https:\/\/target-conseil.com\/wp-content\/uploads\/2026\/03\/Conseil-strategique-1024x683.jpg 1024w, https:\/\/target-conseil.com\/wp-content\/uploads\/2026\/03\/Conseil-strategique-768x512.jpg 768w, https:\/\/target-conseil.com\/wp-content\/uploads\/2026\/03\/Conseil-strategique-1536x1024.jpg 1536w\" sizes=\"(max-width: 2048px) 100vw, 2048px\" \/><\/figure><div class=\"elementor-image-box-content\"><h3 class=\"elementor-image-box-title\">Organisation &amp; efficacit\u00e9<\/h3><p class=\"elementor-image-box-description\">Optimisation des m\u00e9thodes de travail, structuration des processus et ma\u00eetrise des outils collaboratifs.\n<br>Objectif : renforcer l\u2019efficacit\u00e9 individuelle et collective.<\/p><\/div><\/div>\t\t\t\t<\/div>\n\t\t\t\t<div class=\"elementor-element elementor-element-e77a5f5 elementor-position-top elementor-widget elementor-widget-image-box\" data-id=\"e77a5f5\" data-element_type=\"widget\" data-e-type=\"widget\" data-widget_type=\"image-box.default\">\n\t\t\t\t\t<div class=\"elementor-image-box-wrapper\"><figure class=\"elementor-image-box-img\"><img decoding=\"async\" width=\"1253\" height=\"836\" src=\"https:\/\/target-conseil.com\/wp-content\/uploads\/2026\/03\/image4.jpg\" class=\"attachment-full size-full wp-image-237\" alt=\"\" srcset=\"https:\/\/target-conseil.com\/wp-content\/uploads\/2026\/03\/image4.jpg 1253w, https:\/\/target-conseil.com\/wp-content\/uploads\/2026\/03\/image4-300x200.jpg 300w, https:\/\/target-conseil.com\/wp-content\/uploads\/2026\/03\/image4-1024x683.jpg 1024w, https:\/\/target-conseil.com\/wp-content\/uploads\/2026\/03\/image4-768x512.jpg 768w\" sizes=\"(max-width: 1253px) 100vw, 1253px\" \/><\/figure><div class=\"elementor-image-box-content\"><h3 class=\"elementor-image-box-title\">Gestion de projet<\/h3><p class=\"elementor-image-box-description\">Structurer, planifier et piloter les projets avec des m\u00e9thodes \u00e9prouv\u00e9es et accessibles.\n<br>Objectif : s\u00e9curiser la conduite et la r\u00e9ussite des projets.<\/p><\/div><\/div>\t\t\t\t<\/div>\n\t\t\t\t<\/div>\n\t\t<div class=\"elementor-element elementor-element-61c3455 e-grid e-con-full e-con e-child\" data-id=\"61c3455\" data-element_type=\"container\" data-e-type=\"container\">\n\t\t\t\t<div class=\"elementor-element elementor-element-a2ff4c8 elementor-position-top elementor-widget elementor-widget-image-box\" data-id=\"a2ff4c8\" data-element_type=\"widget\" data-e-type=\"widget\" data-widget_type=\"image-box.default\">\n\t\t\t\t\t<div class=\"elementor-image-box-wrapper\"><figure class=\"elementor-image-box-img\"><img loading=\"lazy\" decoding=\"async\" width=\"1286\" height=\"816\" src=\"https:\/\/target-conseil.com\/wp-content\/uploads\/2026\/03\/image3.jpg\" class=\"attachment-full size-full wp-image-240\" alt=\"\" srcset=\"https:\/\/target-conseil.com\/wp-content\/uploads\/2026\/03\/image3.jpg 1286w, https:\/\/target-conseil.com\/wp-content\/uploads\/2026\/03\/image3-300x190.jpg 300w, https:\/\/target-conseil.com\/wp-content\/uploads\/2026\/03\/image3-1024x650.jpg 1024w, https:\/\/target-conseil.com\/wp-content\/uploads\/2026\/03\/image3-768x487.jpg 768w\" sizes=\"(max-width: 1286px) 100vw, 1286px\" \/><\/figure><div class=\"elementor-image-box-content\"><h3 class=\"elementor-image-box-title\">Communication &amp; vente<\/h3><p class=\"elementor-image-box-description\">Comprendre et int\u00e9grer les mod\u00e8les de langage dans les pratiques professionnelles : cas d\u2019usage concrets, approche responsable et mise en application imm\u00e9diate.\n<br>Objectif : int\u00e9grer l\u2019IA comme levier de performance dans les pratiques quotidiennes.<\/p><\/div><\/div>\t\t\t\t<\/div>\n\t\t\t\t<div class=\"elementor-element elementor-element-d5de4f6 elementor-position-top elementor-widget elementor-widget-image-box\" data-id=\"d5de4f6\" data-element_type=\"widget\" data-e-type=\"widget\" data-widget_type=\"image-box.default\">\n\t\t\t\t\t<div class=\"elementor-image-box-wrapper\"><figure class=\"elementor-image-box-img\"><img loading=\"lazy\" decoding=\"async\" width=\"1254\" height=\"836\" src=\"https:\/\/target-conseil.com\/wp-content\/uploads\/2026\/03\/image2.jpg\" class=\"attachment-full size-full wp-image-241\" alt=\"\" srcset=\"https:\/\/target-conseil.com\/wp-content\/uploads\/2026\/03\/image2.jpg 1254w, https:\/\/target-conseil.com\/wp-content\/uploads\/2026\/03\/image2-300x200.jpg 300w, https:\/\/target-conseil.com\/wp-content\/uploads\/2026\/03\/image2-1024x683.jpg 1024w, https:\/\/target-conseil.com\/wp-content\/uploads\/2026\/03\/image2-768x512.jpg 768w\" sizes=\"(max-width: 1254px) 100vw, 1254px\" \/><\/figure><div class=\"elementor-image-box-content\"><h3 class=\"elementor-image-box-title\">Formations sur mesure<\/h3><p class=\"elementor-image-box-description\">Co-construction de parcours adapt\u00e9s aux enjeux sp\u00e9cifiques de chaque organisation.\n<br>Objectif : r\u00e9pondre pr\u00e9cis\u00e9ment aux besoins strat\u00e9giques et op\u00e9rationnels.<\/p><\/div><\/div>\t\t\t\t<\/div>\n\t\t\t\t<\/div>\n\t\t\t\t<\/div>\n\t\t\t\t<\/div>\n\t\t\t\t<\/div>\n\t\t\t\t\t<\/div>\n\t\t\t\t<\/div>\n\t\t<div class=\"elementor-element elementor-element-7037d51 e-flex e-con-boxed e-con e-parent\" data-id=\"7037d51\" data-element_type=\"container\" data-e-type=\"container\">\n\t\t\t\t\t<div class=\"e-con-inner\">\n\t\t\t\t<div class=\"elementor-element elementor-element-7209aa6 elementor-widget elementor-widget-heading\" data-id=\"7209aa6\" data-element_type=\"widget\" data-e-type=\"widget\" data-widget_type=\"heading.default\">\n\t\t\t\t\t<h2 class=\"elementor-heading-title elementor-size-default\">Une p\u00e9dagogie orient\u00e9e action\n<\/h2>\t\t\t\t<\/div>\n\t\t\t\t<div class=\"elementor-element elementor-element-d30258a elementor-widget elementor-widget-text-editor\" data-id=\"d30258a\" data-element_type=\"widget\" data-e-type=\"widget\" data-widget_type=\"text-editor.default\">\n\t\t\t\t\t\t\t\t\t<p>La formation est con\u00e7ue comme une exp\u00e9rience d\u2019apprentissage active et op\u00e9rationnelle.<\/p><p>Nos formats permettent de :<\/p><p>\u2013 exp\u00e9rimenter les concepts en situation<br \/>\u2013 structurer les acquis de mani\u00e8re m\u00e9thodologique<br \/>\u2013 ancrer durablement les comp\u00e9tences<\/p><p>Chaque formation est organis\u00e9e sur une journ\u00e9e, en deux demi-journ\u00e9es.<br \/>Ce rythme permet aux participants d\u2019exp\u00e9rimenter entre les sessions puis de consolider leurs acquis.<\/p><p>\u00a0Objectif : transformer les apprentissages en pratiques concr\u00e8tes.<\/p>\t\t\t\t\t\t\t\t<\/div>\n\t\t\t\t\t<\/div>\n\t\t\t\t<\/div>\n\t\t<div class=\"elementor-element elementor-element-2dd1db53 e-flex e-con-boxed e-con e-parent\" data-id=\"2dd1db53\" data-element_type=\"container\" data-e-type=\"container\" data-settings=\"{&quot;background_background&quot;:&quot;classic&quot;}\">\n\t\t\t\t\t<div class=\"e-con-inner\">\n\t\t<div class=\"elementor-element elementor-element-5067acb0 e-con-full e-flex e-con e-child\" data-id=\"5067acb0\" data-element_type=\"container\" data-e-type=\"container\">\n\t\t\t\t<div class=\"elementor-element elementor-element-75c092d9 elementor-widget elementor-widget-heading\" data-id=\"75c092d9\" data-element_type=\"widget\" data-e-type=\"widget\" data-settings=\"{&quot;_animation&quot;:&quot;none&quot;}\" data-widget_type=\"heading.default\">\n\t\t\t\t\t<h2 class=\"elementor-heading-title elementor-size-default\">Notre approche<\/h2>\t\t\t\t<\/div>\n\t\t\t\t<\/div>\n\t\t<div class=\"elementor-element elementor-element-46ad6a58 e-con-full e-flex e-con e-child\" data-id=\"46ad6a58\" data-element_type=\"container\" data-e-type=\"container\">\n\t\t<div class=\"elementor-element elementor-element-7aba0adf e-con-full e-flex e-con e-child\" data-id=\"7aba0adf\" data-element_type=\"container\" data-e-type=\"container\">\n\t\t\t\t<div class=\"elementor-element elementor-element-6ebfb24f elementor-widget-divider--view-line elementor-widget elementor-widget-divider\" data-id=\"6ebfb24f\" data-element_type=\"widget\" data-e-type=\"widget\" data-widget_type=\"divider.default\">\n\t\t\t\t\t\t\t<div class=\"elementor-divider\">\n\t\t\t<span class=\"elementor-divider-separator\">\n\t\t\t\t\t\t<\/span>\n\t\t<\/div>\n\t\t\t\t\t\t<\/div>\n\t\t\t\t<div class=\"elementor-element elementor-element-68087987 elementor-align-center elementor-icon-list--layout-traditional elementor-list-item-link-full_width elementor-widget elementor-widget-icon-list\" data-id=\"68087987\" data-element_type=\"widget\" data-e-type=\"widget\" data-widget_type=\"icon-list.default\">\n\t\t\t\t\t\t\t<ul class=\"elementor-icon-list-items\">\n\t\t\t\t\t\t\t<li class=\"elementor-icon-list-item\">\n\t\t\t\t\t\t\t\t\t\t<span class=\"elementor-icon-list-text\">Une p\u00e9dagogie active et engageante<\/span>\n\t\t\t\t\t\t\t\t\t<\/li>\n\t\t\t\t\t\t<\/ul>\n\t\t\t\t\t\t<\/div>\n\t\t\t\t<\/div>\n\t\t<div class=\"elementor-element elementor-element-1d102ea e-con-full e-flex e-con e-child\" data-id=\"1d102ea\" data-element_type=\"container\" data-e-type=\"container\">\n\t\t\t\t<div class=\"elementor-element elementor-element-6dd7442 elementor-widget-divider--view-line elementor-widget elementor-widget-divider\" data-id=\"6dd7442\" data-element_type=\"widget\" data-e-type=\"widget\" data-widget_type=\"divider.default\">\n\t\t\t\t\t\t\t<div class=\"elementor-divider\">\n\t\t\t<span class=\"elementor-divider-separator\">\n\t\t\t\t\t\t<\/span>\n\t\t<\/div>\n\t\t\t\t\t\t<\/div>\n\t\t\t\t<div class=\"elementor-element elementor-element-6941b5a elementor-align-center elementor-icon-list--layout-traditional elementor-list-item-link-full_width elementor-widget elementor-widget-icon-list\" data-id=\"6941b5a\" data-element_type=\"widget\" data-e-type=\"widget\" data-widget_type=\"icon-list.default\">\n\t\t\t\t\t\t\t<ul class=\"elementor-icon-list-items\">\n\t\t\t\t\t\t\t<li class=\"elementor-icon-list-item\">\n\t\t\t\t\t\t\t\t\t\t<span class=\"elementor-icon-list-text\">Un ancrage dans les r\u00e9alit\u00e9s du terrain<\/span>\n\t\t\t\t\t\t\t\t\t<\/li>\n\t\t\t\t\t\t<\/ul>\n\t\t\t\t\t\t<\/div>\n\t\t\t\t<\/div>\n\t\t<div class=\"elementor-element elementor-element-f82900f e-con-full e-flex e-con e-child\" data-id=\"f82900f\" data-element_type=\"container\" data-e-type=\"container\">\n\t\t\t\t<div class=\"elementor-element elementor-element-098b44b elementor-widget-divider--view-line elementor-widget elementor-widget-divider\" data-id=\"098b44b\" data-element_type=\"widget\" data-e-type=\"widget\" data-widget_type=\"divider.default\">\n\t\t\t\t\t\t\t<div class=\"elementor-divider\">\n\t\t\t<span class=\"elementor-divider-separator\">\n\t\t\t\t\t\t<\/span>\n\t\t<\/div>\n\t\t\t\t\t\t<\/div>\n\t\t\t\t<div class=\"elementor-element elementor-element-f37a9fb elementor-align-center elementor-icon-list--layout-traditional elementor-list-item-link-full_width elementor-widget elementor-widget-icon-list\" data-id=\"f37a9fb\" data-element_type=\"widget\" data-e-type=\"widget\" data-widget_type=\"icon-list.default\">\n\t\t\t\t\t\t\t<ul class=\"elementor-icon-list-items\">\n\t\t\t\t\t\t\t<li class=\"elementor-icon-list-item\">\n\t\t\t\t\t\t\t\t\t\t<span class=\"elementor-icon-list-text\">Une expertise hybride entre conseil strat\u00e9gique et ing\u00e9nierie p\u00e9dagogique<\/span>\n\t\t\t\t\t\t\t\t\t<\/li>\n\t\t\t\t\t\t<\/ul>\n\t\t\t\t\t\t<\/div>\n\t\t\t\t<\/div>\n\t\t\t\t<\/div>\n\t\t<div class=\"elementor-element elementor-element-165d0e93 e-con-full e-flex e-con e-child\" data-id=\"165d0e93\" data-element_type=\"container\" data-e-type=\"container\">\n\t\t\t\t<div class=\"elementor-element elementor-element-d0db309 elementor-widget elementor-widget-text-editor\" data-id=\"d0db309\" data-element_type=\"widget\" data-e-type=\"widget\" data-widget_type=\"text-editor.default\">\n\t\t\t\t\t\t\t\t\t<p>Nous formons pour transformer les pratiques, pas seulement pour transmettre.<\/p>\t\t\t\t\t\t\t\t<\/div>\n\t\t\t\t<\/div>\n\t\t\t\t\t<\/div>\n\t\t\t\t<\/div>\n\t\t<div class=\"elementor-element elementor-element-57917d0b e-flex e-con-boxed e-con e-parent\" data-id=\"57917d0b\" data-element_type=\"container\" data-e-type=\"container\" data-settings=\"{&quot;background_background&quot;:&quot;classic&quot;}\">\n\t\t\t\t\t<div class=\"e-con-inner\">\n\t\t<div class=\"elementor-element elementor-element-614d0b67 e-con-full e-flex e-con e-child\" data-id=\"614d0b67\" data-element_type=\"container\" data-e-type=\"container\">\n\t\t<div class=\"elementor-element elementor-element-6ab793d5 e-con-full e-flex e-con e-child\" data-id=\"6ab793d5\" data-element_type=\"container\" data-e-type=\"container\">\n\t\t\t\t<div class=\"elementor-element elementor-element-1ce2ac29 elementor-widget__width-inherit elementor-widget elementor-widget-heading\" data-id=\"1ce2ac29\" data-element_type=\"widget\" data-e-type=\"widget\" data-settings=\"{&quot;_animation&quot;:&quot;none&quot;}\" data-widget_type=\"heading.default\">\n\t\t\t\t\t<h2 class=\"elementor-heading-title elementor-size-default\">Passer \u00e0 l\u2019action<\/h2>\t\t\t\t<\/div>\n\t\t\t\t<\/div>\n\t\t<div class=\"elementor-element elementor-element-4581b97c e-con-full e-flex e-con e-child\" data-id=\"4581b97c\" data-element_type=\"container\" data-e-type=\"container\">\n\t\t\t\t<div class=\"elementor-element elementor-element-630e9bcf elementor-widget__width-initial elementor-widget elementor-widget-text-editor\" data-id=\"630e9bcf\" data-element_type=\"widget\" data-e-type=\"widget\" data-widget_type=\"text-editor.default\">\n\t\t\t\t\t\t\t\t\t<p>La formation est un levier strat\u00e9gique de transformation organisationnelle.<\/p><p>Que vous soyez en phase de mont\u00e9e en comp\u00e9tences, de structuration ou d\u2019\u00e9volution des pratiques, TARGET Conseil vous accompagne \u00e0 chaque \u00e9tape cl\u00e9.<\/p><p>Prenez un temps d\u2019\u00e9change pour identifier les besoins de formation de votre organisation.<\/p>\t\t\t\t\t\t\t\t<\/div>\n\t\t\t\t<\/div>\n\t\t\t\t<div class=\"elementor-element elementor-element-4956c9eb elementor-widget__width-initial elementor-mobile-align-center elementor-widget elementor-widget-button\" data-id=\"4956c9eb\" data-element_type=\"widget\" data-e-type=\"widget\" data-widget_type=\"button.default\">\n\t\t\t\t\t\t\t\t\t\t<a class=\"elementor-button elementor-button-link elementor-size-sm\" href=\"https:\/\/target-conseil.com\/contact\/\">\n\t\t\t\t\t\t<span class=\"elementor-button-content-wrapper\">\n\t\t\t\t\t\t\t\t\t<span class=\"elementor-button-text\">R\u00e9server une formation<\/span>\n\t\t\t\t\t<\/span>\n\t\t\t\t\t<\/a>\n\t\t\t\t\t\t\t\t<\/div>\n\t\t\t\t<\/div>\n\t\t\t\t\t<\/div>\n\t\t\t\t<\/div>\n\t\t\t\t<\/div>\n\t\t","protected":false},"excerpt":{"rendered":"<p>Former pour renforcer la capacit\u00e9 strat\u00e9gique La formation n\u2019est pas un module isol\u00e9.C\u2019est un levier de transformation. Chez TARGET Conseil, nous concevons des formations qui permettent aux \u00e9quipes de mieux comprendre, mieux collaborer et mieux d\u00e9cider dans un environnement en constante \u00e9volution. R\u00e9server une formation Nos expertises en formation AI conversationnelle D\u00e9velopper la posture professionnelle, [&hellip;]<\/p>\n","protected":false},"author":1,"featured_media":0,"parent":0,"menu_order":0,"comment_status":"closed","ping_status":"closed","template":"elementor_header_footer","meta":{"_seopress_robots_primary_cat":"","_seopress_titles_title":"","_seopress_titles_desc":"","_seopress_robots_index":"","footnotes":""},"class_list":["post-512","page","type-page","status-publish","hentry"],"_links":{"self":[{"href":"https:\/\/target-conseil.com\/wp-json\/wp\/v2\/pages\/512","targetHints":{"allow":["GET"]}}],"collection":[{"href":"https:\/\/target-conseil.com\/wp-json\/wp\/v2\/pages"}],"about":[{"href":"https:\/\/target-conseil.com\/wp-json\/wp\/v2\/types\/page"}],"author":[{"embeddable":true,"href":"https:\/\/target-conseil.com\/wp-json\/wp\/v2\/users\/1"}],"replies":[{"embeddable":true,"href":"https:\/\/target-conseil.com\/wp-json\/wp\/v2\/comments?post=512"}],"version-history":[{"count":78,"href":"https:\/\/target-conseil.com\/wp-json\/wp\/v2\/pages\/512\/revisions"}],"predecessor-version":[{"id":1438,"href":"https:\/\/target-conseil.com\/wp-json\/wp\/v2\/pages\/512\/revisions\/1438"}],"wp:attachment":[{"href":"https:\/\/target-conseil.com\/wp-json\/wp\/v2\/media?parent=512"}],"curies":[{"name":"wp","href":"https:\/\/api.w.org\/{rel}","templated":true}]}}