{"id":528,"date":"2026-03-23T21:59:44","date_gmt":"2026-03-23T20:59:44","guid":{"rendered":"https:\/\/target-conseil.com\/?page_id=528"},"modified":"2026-04-15T23:38:49","modified_gmt":"2026-04-15T21:38:49","slug":"contact","status":"publish","type":"page","link":"https:\/\/target-conseil.com\/contact\/","title":{"rendered":"CONTACT"},"content":{"rendered":"\t\t<div data-elementor-type=\"wp-page\" data-elementor-id=\"528\" class=\"elementor elementor-528\">\n\t\t\t\t<div class=\"elementor-element elementor-element-328a6ebb e-flex e-con-boxed e-con e-parent\" data-id=\"328a6ebb\" data-element_type=\"container\" data-e-type=\"container\" data-settings=\"{&quot;background_background&quot;:&quot;classic&quot;}\">\n\t\t\t\t\t<div class=\"e-con-inner\">\n\t\t<div class=\"elementor-element elementor-element-3e7108f3 e-con-full e-flex e-con e-child\" data-id=\"3e7108f3\" data-element_type=\"container\" data-e-type=\"container\">\n\t\t\t\t<div class=\"elementor-element elementor-element-42bef883 elementor-widget elementor-widget-heading\" data-id=\"42bef883\" data-element_type=\"widget\" data-e-type=\"widget\" data-settings=\"{&quot;_animation&quot;:&quot;none&quot;}\" data-widget_type=\"heading.default\">\n\t\t\t\t\t<h1 class=\"elementor-heading-title elementor-size-default\">Demande confidentielle<\/h1>\t\t\t\t<\/div>\n\t\t\t\t<div class=\"elementor-element elementor-element-300d05c5 elementor-widget elementor-widget-text-editor\" data-id=\"300d05c5\" data-element_type=\"widget\" data-e-type=\"widget\" data-settings=\"{&quot;_animation&quot;:&quot;none&quot;,&quot;_animation_delay&quot;:300}\" data-widget_type=\"text-editor.default\">\n\t\t\t\t\t\t\t\t\t<div class=\"ql-block\" data-block-id=\"block-b3e33aea-3513-4170-9474-f6b3d9e8d934\"><p>Chaque organisation fait face \u00e0 des enjeux sp\u00e9cifiques.<br \/>Chaque situation m\u00e9rite une attention particuli\u00e8re.<\/p><p>Chez TARGET Conseil, nous consid\u00e9rons chaque prise de contact comme le point de d\u00e9part d\u2019un \u00e9change structurant, et non comme une simple demande d\u2019information.<\/p><\/div>\t\t\t\t\t\t\t\t<\/div>\n\t\t\t\t<\/div>\n\t\t\t\t\t<\/div>\n\t\t\t\t<\/div>\n\t\t<div class=\"elementor-element elementor-element-1c356f00 e-flex e-con-boxed e-con e-parent\" data-id=\"1c356f00\" data-element_type=\"container\" data-e-type=\"container\" data-settings=\"{&quot;background_background&quot;:&quot;classic&quot;}\">\n\t\t\t\t\t<div class=\"e-con-inner\">\n\t\t<div class=\"elementor-element elementor-element-1114a5d8 e-con-full e-flex e-con e-child\" data-id=\"1114a5d8\" data-element_type=\"container\" data-e-type=\"container\">\n\t\t\t\t<div class=\"elementor-element elementor-element-84bf069 elementor-widget__width-initial elementor-widget elementor-widget-text-editor\" data-id=\"84bf069\" data-element_type=\"widget\" data-e-type=\"widget\" data-widget_type=\"text-editor.default\">\n\t\t\t\t\t\t\t\t\t<h3>Votre demande<\/h3><p>Nous vous invitons \u00e0 pr\u00e9ciser :<br \/>\u2013 la nature de votre organisation,<br \/>\u2013 l\u2019enjeu auquel vous \u00eates confront\u00e9,<br \/>\u2013 l\u2019horizon de d\u00e9cision ou de transformation.<\/p><p>Ces \u00e9l\u00e9ments nous permettent de comprendre votre contexte et d\u2019\u00e9valuer la pertinence de notre intervention.<\/p><p>Notre engagement<\/p><p>Chaque demande est analys\u00e9e avec attention.<br \/>Nous revenons vers vous personnellement, avec un premier niveau de lecture et, si n\u00e9cessaire, une proposition d\u2019\u00e9change.<\/p><p>Nos interventions sont s\u00e9lectives.<br \/>Nous nous engageons lorsque :<br \/>\u2013 l\u2019enjeu est structurant,<br \/>\u2013 la gouvernance est mobilis\u00e9e,<br \/>\u2013 l\u2019impact est durable.<\/p>\t\t\t\t\t\t\t\t<\/div>\n\t\t<div class=\"elementor-element elementor-element-26e993d4 e-con-full e-flex e-con e-child\" data-id=\"26e993d4\" data-element_type=\"container\" data-e-type=\"container\">\n\t\t\t\t<div class=\"elementor-element elementor-element-bf99527 elementor-widget elementor-widget-shortcode\" data-id=\"bf99527\" data-element_type=\"widget\" data-e-type=\"widget\" data-widget_type=\"shortcode.default\">\n\t\t\t\t\t\t\t<div class=\"elementor-shortcode\"><style id=\"wpforms-css-vars-1082\">\n\t\t\t\t#wpforms-1082 {\n\t\t\t\t--wpforms-container-padding: 0px;\n--wpforms-container-border-width: 1px;\n--wpforms-container-border-radius: 3px;\n--wpforms-background-color: rgba(0, 0, 0, 0);\n--wpforms-field-size-input-height: 43px;\n--wpforms-field-size-input-spacing: 15px;\n--wpforms-field-size-font-size: 16px;\n--wpforms-field-size-line-height: 19px;\n--wpforms-field-size-padding-h: 14px;\n--wpforms-field-size-checkbox-size: 16px;\n--wpforms-field-size-sublabel-spacing: 5px;\n--wpforms-field-size-icon-size: 1;\n--wpforms-label-size-font-size: 16px;\n--wpforms-label-size-line-height: 19px;\n--wpforms-label-size-sublabel-font-size: 14px;\n--wpforms-label-size-sublabel-line-height: 17px;\n--wpforms-button-size-font-size: 17px;\n--wpforms-button-size-height: 41px;\n--wpforms-button-size-padding-h: 15px;\n--wpforms-button-size-margin-top: 10px;\n--wpforms-container-shadow-size-box-shadow: none;\n\t\t\t}\n\t\t\t<\/style><div class=\"wpforms-container wpforms-container-full wpforms-render-modern\" id=\"wpforms-1082\"><form id=\"wpforms-form-1082\" class=\"wpforms-validate wpforms-form wpforms-ajax-form\" data-formid=\"1082\" method=\"post\" enctype=\"multipart\/form-data\" action=\"\/index.php\/wp-json\/wp\/v2\/pages\/528\" data-token=\"26ed94def43219aed5d246755b9f7659\" data-token-time=\"1777552648\"><noscript class=\"wpforms-error-noscript\">Please enable JavaScript in your browser to complete this form.<\/noscript><div id=\"wpforms-error-noscript\" style=\"display: none;\">Please enable JavaScript in your browser to complete this form.<\/div><div class=\"wpforms-field-container\">\t\t<div id=\"wpforms-1082-field_5-container\"\n\t\t\tclass=\"wpforms-field wpforms-field-text\"\n\t\t\tdata-field-type=\"text\"\n\t\t\tdata-field-id=\"5\"\n\t\t\t>\n\t\t\t<label class=\"wpforms-field-label\" for=\"wpforms-1082-field_5\" >Phone Message Name<\/label>\n\t\t\t<input type=\"text\" id=\"wpforms-1082-field_5\" class=\"wpforms-field-medium\" name=\"wpforms[fields][5]\" >\n\t\t<\/div>\n\t\t<div id=\"wpforms-1082-field_1-container\" class=\"wpforms-field wpforms-field-name\" data-field-id=\"1\"><label class=\"wpforms-field-label\" for=\"wpforms-1082-field_1\">Name <span class=\"wpforms-required-label\" aria-hidden=\"true\">*<\/span><\/label><input type=\"text\" id=\"wpforms-1082-field_1\" class=\"wpforms-field-large wpforms-field-required\" name=\"wpforms[fields][1]\" aria-errormessage=\"wpforms-1082-field_1-error\" required><\/div><div id=\"wpforms-1082-field_4-container\" class=\"wpforms-field wpforms-field-number\" data-field-id=\"4\"><label class=\"wpforms-field-label\" for=\"wpforms-1082-field_4\">Phone Number<\/label><input type=\"number\" id=\"wpforms-1082-field_4\" class=\"wpforms-field-large\" name=\"wpforms[fields][4]\" step=\"any\" aria-errormessage=\"wpforms-1082-field_4-error\" ><\/div><div id=\"wpforms-1082-field_2-container\" class=\"wpforms-field wpforms-field-email\" data-field-id=\"2\"><label class=\"wpforms-field-label\" for=\"wpforms-1082-field_2\">Email <span class=\"wpforms-required-label\" aria-hidden=\"true\">*<\/span><\/label><input type=\"email\" id=\"wpforms-1082-field_2\" class=\"wpforms-field-large wpforms-field-required\" name=\"wpforms[fields][2]\" spellcheck=\"false\" aria-errormessage=\"wpforms-1082-field_2-error\" required><\/div><div id=\"wpforms-1082-field_3-container\" class=\"wpforms-field wpforms-field-textarea\" data-field-id=\"3\"><label class=\"wpforms-field-label\" for=\"wpforms-1082-field_3\">Comment or Message<\/label><textarea id=\"wpforms-1082-field_3\" class=\"wpforms-field-medium\" name=\"wpforms[fields][3]\" aria-errormessage=\"wpforms-1082-field_3-error\" ><\/textarea><\/div><script>\n\t\t\t\t( function() {\n\t\t\t\t\tconst style = document.createElement( 'style' );\n\t\t\t\t\tstyle.appendChild( document.createTextNode( '#wpforms-1082-field_5-container { position: absolute !important; overflow: hidden !important; display: inline !important; height: 1px !important; width: 1px !important; z-index: -1000 !important; padding: 0 !important; } #wpforms-1082-field_5-container input { visibility: hidden; } #wpforms-conversational-form-page #wpforms-1082-field_5-container label { counter-increment: none; }' ) );\n\t\t\t\t\tdocument.head.appendChild( style );\n\t\t\t\t\tdocument.currentScript?.remove();\n\t\t\t\t} )();\n\t\t\t<\/script><\/div><!-- .wpforms-field-container --><div class=\"wpforms-submit-container\" ><input type=\"hidden\" name=\"wpforms[id]\" value=\"1082\"><input type=\"hidden\" name=\"page_title\" value=\"\"><input type=\"hidden\" name=\"page_url\" value=\"https:\/\/target-conseil.com\/index.php\/wp-json\/wp\/v2\/pages\/528\"><input type=\"hidden\" name=\"url_referer\" value=\"\"><button type=\"submit\" name=\"wpforms[submit]\" id=\"wpforms-submit-1082\" class=\"wpforms-submit\" data-alt-text=\"Sending...\" data-submit-text=\"Submit\" aria-live=\"assertive\" value=\"wpforms-submit\">Submit<\/button><img decoding=\"async\" src=\"https:\/\/target-conseil.com\/wp-content\/plugins\/wpforms-lite\/assets\/images\/submit-spin.svg\" class=\"wpforms-submit-spinner\" style=\"display: none;\" width=\"26\" height=\"26\" alt=\"Loading\"><\/div><\/form><\/div>  <!-- .wpforms-container --><\/div>\n\t\t\t\t\t\t<\/div>\n\t\t\t\t<\/div>\n\t\t\t\t<\/div>\n\t\t\t\t\t<\/div>\n\t\t\t\t<\/div>\n\t\t<div class=\"elementor-element elementor-element-7f8e78e5 e-con-full e-flex e-con e-parent\" data-id=\"7f8e78e5\" data-element_type=\"container\" data-e-type=\"container\">\n\t\t\t\t<div class=\"elementor-element elementor-element-8a90dfa elementor-widget elementor-widget-google_maps\" data-id=\"8a90dfa\" data-element_type=\"widget\" data-e-type=\"widget\" data-widget_type=\"google_maps.default\">\n\t\t\t\t\t\t\t<div class=\"elementor-custom-embed\">\n\t\t\t<iframe loading=\"lazy\"\n\t\t\t\t\tsrc=\"https:\/\/maps.google.com\/maps?q=new%20caledonia&#038;t=m&#038;z=7&#038;output=embed&#038;iwloc=near\"\n\t\t\t\t\ttitle=\"new caledonia\"\n\t\t\t\t\taria-label=\"new caledonia\"\n\t\t\t><\/iframe>\n\t\t<\/div>\n\t\t\t\t\t\t<\/div>\n\t\t\t\t<\/div>\n\t\t\t\t<\/div>\n\t\t","protected":false},"excerpt":{"rendered":"<p>Demande confidentielle Chaque organisation fait face \u00e0 des enjeux sp\u00e9cifiques.Chaque situation m\u00e9rite une attention particuli\u00e8re. Chez TARGET Conseil, nous consid\u00e9rons chaque prise de contact comme le point de d\u00e9part d\u2019un \u00e9change structurant, et non comme une simple demande d\u2019information. Votre demande Nous vous invitons \u00e0 pr\u00e9ciser :\u2013 la nature de votre organisation,\u2013 l\u2019enjeu auquel vous [&hellip;]<\/p>\n","protected":false},"author":1,"featured_media":0,"parent":0,"menu_order":0,"comment_status":"closed","ping_status":"closed","template":"elementor_header_footer","meta":{"_seopress_robots_primary_cat":"","_seopress_titles_title":"","_seopress_titles_desc":"","_seopress_robots_index":"","footnotes":""},"class_list":["post-528","page","type-page","status-publish","hentry"],"_links":{"self":[{"href":"https:\/\/target-conseil.com\/wp-json\/wp\/v2\/pages\/528","targetHints":{"allow":["GET"]}}],"collection":[{"href":"https:\/\/target-conseil.com\/wp-json\/wp\/v2\/pages"}],"about":[{"href":"https:\/\/target-conseil.com\/wp-json\/wp\/v2\/types\/page"}],"author":[{"embeddable":true,"href":"https:\/\/target-conseil.com\/wp-json\/wp\/v2\/users\/1"}],"replies":[{"embeddable":true,"href":"https:\/\/target-conseil.com\/wp-json\/wp\/v2\/comments?post=528"}],"version-history":[{"count":48,"href":"https:\/\/target-conseil.com\/wp-json\/wp\/v2\/pages\/528\/revisions"}],"predecessor-version":[{"id":1479,"href":"https:\/\/target-conseil.com\/wp-json\/wp\/v2\/pages\/528\/revisions\/1479"}],"wp:attachment":[{"href":"https:\/\/target-conseil.com\/wp-json\/wp\/v2\/media?parent=528"}],"curies":[{"name":"wp","href":"https:\/\/api.w.org\/{rel}","templated":true}]}}